{"id":328,"date":"2018-12-30T23:32:39","date_gmt":"2018-12-30T22:32:39","guid":{"rendered":"http:\/\/pingstskelleftea.se\/?page_id=328"},"modified":"2025-10-08T16:36:56","modified_gmt":"2025-10-08T15:36:56","slug":"lp","status":"publish","type":"page","link":"https:\/\/pingstskelleftea.se\/en\/lp\/","title":{"rendered":"LP"},"content":{"rendered":"<div id=\"cs-content\" class=\"cs-content\"><div class=\"x-section e328-e1 m94-0 m94-1\"><h1  class=\"h-custom-headline cs-ta-center h3 accent\" ><span>V\u00e4lkomna till LP guldstaden<\/span><\/h1><div class=\"x-row x-container max width e328-e3 m94-3 m94-5 m94-6\"><div class=\"x-row-inner\"><div class=\"x-col e328-e4 m94-8\"><hr class=\"x-line e328-e5 m94-9 m94-a\"\/><div class=\"x-text x-content e328-e6 m94-d\"><p><span data-contrast=\"auto\">V\u00e5r verksamhet bygger p\u00e5 kristen grund, vi bryr oss inte om vart ifr\u00e5n du kommer, det som r\u00e4knas \u00e4r vart du \u00e4r p\u00e5 v\u00e4g.<\/span><span data-ccp-props=\"{}\">\u00a0<\/span><\/p>\n<p><span data-contrast=\"auto\">V\u00e5r \u00f6nskan \u00e4r att alla ska ha en m\u00f6jlighet att f\u00e5 leva ett drogfritt och f\u00e5 ett f\u00f6rvandlat liv. Vi vill att alla ska k\u00e4nna sig sedda och f\u00e5 m\u00f6jlighet till uppr\u00e4ttelse, k\u00e4nna sig som en del i en gemenskap.<\/span><span data-ccp-props=\"{}\">\u00a0<\/span><\/p>\n<p><span data-contrast=\"auto\">Vi kan erbjuda:<\/span><span data-ccp-props=\"{}\">\u00a0<\/span><\/p>\n\n<ul>\n \t<li><span data-contrast=\"auto\">Frukost, torsdag och fredag 9:00 \u2013 11:00<\/span><span data-ccp-props=\"{}\">\u00a0<\/span><\/li>\n \t<li aria-setsize=\"-1\" data-leveltext=\"\uf0b7\" data-font=\"Symbol\" data-listid=\"1\" data-list-defn-props=\"{&quot;335552541&quot;:1,&quot;335559685&quot;:720,&quot;335559991&quot;:360,&quot;469769226&quot;:&quot;Symbol&quot;,&quot;469769242&quot;:[8226],&quot;469777803&quot;:&quot;left&quot;,&quot;469777804&quot;:&quot;\uf0b7&quot;,&quot;469777815&quot;:&quot;hybridMultilevel&quot;}\" data-aria-posinset=\"2\" data-aria-level=\"1\"><span data-contrast=\"auto\">Samtalsst\u00f6d<\/span><span data-ccp-props=\"{}\">\u00a0<\/span><\/li>\n \t<li><span data-contrast=\"auto\">St\u00f6d i kontakt med myndigheter<\/span><span data-ccp-props=\"{}\">\u00a0<\/span><\/li>\n \t<li aria-setsize=\"-1\" data-leveltext=\"\uf0b7\" data-font=\"Symbol\" data-listid=\"1\" data-list-defn-props=\"{&quot;335552541&quot;:1,&quot;335559685&quot;:720,&quot;335559991&quot;:360,&quot;469769226&quot;:&quot;Symbol&quot;,&quot;469769242&quot;:[8226],&quot;469777803&quot;:&quot;left&quot;,&quot;469777804&quot;:&quot;\uf0b7&quot;,&quot;469777815&quot;:&quot;hybridMultilevel&quot;}\" data-aria-posinset=\"4\" data-aria-level=\"1\"><span data-contrast=\"auto\">Gemenskap<\/span><span data-ccp-props=\"{}\">\u00a0<\/span><\/li>\n<\/ul>\n<p><span data-contrast=\"auto\">LP har \u00e4ven ett st\u00f6dboende och ett h\u00e4rb\u00e4rge som b\u00e5da ligger i Ursviken och som drivs av Pingstkyrkan i Skellefte\u00e5, Brukskyrkan i Ursviken och LP Riks.\u00a0<\/span><span data-ccp-props=\"{}\">\u00a0<\/span><\/p>\n<p><span data-contrast=\"auto\">LP har \u00e4ven flera st\u00f6dboenden som drivs av olika f\u00f6rsamlingar runt om i v\u00e5rt land. Det finns \u00e4ven ett behandlingshem, Torpa som ligger i Vieb\u00e4ck utanf\u00f6r N\u00e4ssj\u00f6. D\u00e4r finns det en kvinnoavdelning och en mansavdelning med totalt 22 platser.<\/span><span data-ccp-props=\"{}\">\u00a0<\/span><\/p>\n<p><span data-contrast=\"auto\">Har du fr\u00e5gor?<\/span><span data-ccp-props=\"{}\">\u00a0<\/span><\/p>\n<p><span data-contrast=\"auto\">Kontakta v\u00e5r LP f\u00f6rest\u00e5ndare och pastor f\u00f6r socialt arbete<\/span><span data-ccp-props=\"{}\">\u00a0<\/span><\/p><\/div><div id=\"\" class=\"x-text\" style=\"\" ><p>Och f\u00f6lj oss p\u00e5 Facebook f\u00f6r uppdateringar!<\/p>\n<\/div><a class=\"x-anchor x-anchor-button has-graphic e328-e8 m94-e\" tabindex=\"0\" href=\"https:\/\/www.facebook.com\/share\/15ki7HbSCA\/?mibextid=wwXIfr\" target=\"_blank\" rel=\"noopener noreferrer\"><div class=\"x-anchor-content\"><span class=\"x-graphic\" aria-hidden=\"true\"><i class=\"x-icon x-graphic-child x-graphic-icon x-graphic-primary\" aria-hidden=\"true\" data-x-icon-b=\"&#xf09a;\"><\/i><\/span><div class=\"x-anchor-text\"><span class=\"x-anchor-text-primary\">LP Guldstaden p\u00e5 Facebook<\/span><\/div><\/div><\/a><hr class=\"x-line e328-e9 m94-9 m94-a\"\/><a class=\"x-anchor x-anchor-button has-graphic e328-e10 m94-e\" tabindex=\"0\" href=\"https:\/\/www.lp-verksamheten.se\/\" target=\"_blank\" rel=\"noopener noreferrer\"><div class=\"x-anchor-content\"><span class=\"x-graphic\" aria-hidden=\"true\"><i class=\"x-icon x-graphic-child x-graphic-icon x-graphic-primary\" aria-hidden=\"true\" data-x-icon-l=\"&#xf0ac;\"><\/i><\/span><div class=\"x-anchor-text\"><span class=\"x-anchor-text-primary\">LP-verksamheten<\/span><\/div><\/div><\/a><hr class=\"x-line e328-e11 m94-9 m94-a\"\/><span class=\"x-image e328-e12 m94-f\"><img decoding=\"async\" src=\"https:\/\/media.pingstskelleftea.se\/2025\/10\/Nya-Guldstaden-Loga-280-x-200-px-140-x-50-px-Presentation.jpg\" width=\"1920\" height=\"1080\" alt=\"Image\" loading=\"lazy\"><\/span><hr class=\"x-line e328-e13 m94-a m94-b\"\/><\/div><div class=\"x-col e328-e14 m94-8\"><hr class=\"x-line e328-e15 m94-a m94-b\"\/><div  class=\"x-promo\" ><div class=\"x-promo-image-wrap\"><img decoding=\"async\" src=\"https:\/\/media.pingstskelleftea.se\/2025\/09\/Anna-Karin.png\" \/><\/div><div class=\"x-promo-content\"><h4>Anna-Karin<br \/>\nKristr\u00f6m<\/h4>\n<p><b>Pastor, F\u00f6rest\u00e5ndare LP-Guldstaden<\/b><\/p>\n<p><b>E-post:<\/b><br \/>\nanna-karin@pingstskelleftea.se<br \/>\n<b>Telefon:<\/b><br \/>\n073-0964003<\/p><\/div><\/div><\/div><\/div><\/div><\/div><div class=\"x-section e328-e17 m94-1 m94-2\"><div class=\"x-bg\" aria-hidden=\"true\" style=\"border-radius: 0px 0px 0px 0px;\"><div class=\"x-bg-layer-lower-image\" data-x-element-bg-layer=\"{&quot;parallaxSize&quot;:&quot;175%&quot;,&quot;parallaxDir&quot;:&quot;v&quot;,&quot;parallaxRev&quot;:false}\"><\/div><\/div><div class=\"x-row x-container max width e328-e18 m94-3 m94-4 m94-5 m94-7\"><div class=\"x-row-inner\"><div class=\"x-col e328-e19 m94-8\"><h1  class=\"h-custom-headline cs-ta-center h2\" ><span>Vi vill<\/span><\/h1><hr class=\"x-line e328-e21 m94-a m94-c\"\/><div id=\"idlp\" class=\"x-raw-content\" style=\"max-width: 600px; margin: 0.925em auto 0;\"><p class=\"man\">Vi vill ge dig m\u00f6jlighet att f\u00e5 delta i en drogfri gemenskap, \nvi vill kunna erbjuda dig st\u00f6d och motivation till att f\u00f6r\u00e4ndra din livssituation.<\/p>\n\n\n<\/div><hr class=\"x-line e328-e23 m94-a m94-b\"\/><\/div><\/div><\/div><\/div><span data-x-element-responsive-text=\"{&quot;selector&quot;:&quot;.h-responsive-mission&quot;,&quot;compression&quot;:&quot;1.0&quot;,&quot;minFontSize&quot;:&quot;24&quot;,&quot;maxFontSize&quot;:&quot;40px&quot;}\" class=\"e328-e24\"><\/span><\/div>\n","protected":false},"excerpt":{"rendered":"excerpt","protected":false},"author":127,"featured_media":0,"parent":0,"menu_order":0,"comment_status":"closed","ping_status":"closed","template":"template-layout-full-width.php","meta":{"episode_type":"","audio_file":"","podmotor_file_id":"","podmotor_episode_id":"","cover_image":"","cover_image_id":"","duration":"","filesize":"","filesize_raw":"","date_recorded":"","explicit":"","block":"","cybocfi_hide_featured_image":"","footnotes":""},"class_list":["post-328","page","type-page","status-publish","hentry","no-post-thumbnail"],"_links":{"self":[{"href":"https:\/\/pingstskelleftea.se\/en\/wp-json\/wp\/v2\/pages\/328","targetHints":{"allow":["GET"]}}],"collection":[{"href":"https:\/\/pingstskelleftea.se\/en\/wp-json\/wp\/v2\/pages"}],"about":[{"href":"https:\/\/pingstskelleftea.se\/en\/wp-json\/wp\/v2\/types\/page"}],"author":[{"embeddable":true,"href":"https:\/\/pingstskelleftea.se\/en\/wp-json\/wp\/v2\/users\/127"}],"replies":[{"embeddable":true,"href":"https:\/\/pingstskelleftea.se\/en\/wp-json\/wp\/v2\/comments?post=328"}],"version-history":[{"count":39,"href":"https:\/\/pingstskelleftea.se\/en\/wp-json\/wp\/v2\/pages\/328\/revisions"}],"predecessor-version":[{"id":3060,"href":"https:\/\/pingstskelleftea.se\/en\/wp-json\/wp\/v2\/pages\/328\/revisions\/3060"}],"wp:attachment":[{"href":"https:\/\/pingstskelleftea.se\/en\/wp-json\/wp\/v2\/media?parent=328"}],"curies":[{"name":"wp","href":"https:\/\/api.w.org\/{rel}","templated":true}]}}