{"id":235,"date":"2018-11-20T20:51:57","date_gmt":"2018-11-20T19:51:57","guid":{"rendered":"http:\/\/pingstskelleftea.se\/?page_id=235"},"modified":"2024-09-05T13:58:06","modified_gmt":"2024-09-05T12:58:06","slug":"radio","status":"publish","type":"page","link":"https:\/\/pingstskelleftea.se\/en\/radio\/","title":{"rendered":"Radio"},"content":{"rendered":"<div id=\"cs-content\" class=\"cs-content\"><div class=\"x-section e235-e1 m6j-0 m6j-1\"><div class=\"x-bg\" aria-hidden=\"true\"><div class=\"x-bg-layer-upper-color\"><\/div><\/div><div class=\"x-container max width e235-e2 m6j-2\"><div class=\"x-column x-sm x-1-1 e235-e3 m6j-3\"><h2  class=\"h-custom-headline man h-responsive-radio h3\" style=\"margin-top:1.5%;\"><span>Radio<\/span><\/h2><\/div><\/div><\/div><div class=\"x-section e235-e5 m6j-0\"><div class=\"x-row x-container max width e235-e6 m6j-4 m6j-5\"><div class=\"x-row-inner\"><div class=\"x-col e235-e7 m6j-6\"><div class=\"x-text x-content e235-e8 m6j-7 m6j-8\"><h6>H\u00e4r kan du lyssna till v\u00e5ra radios\u00e4ndning online!<\/h6>\n\n<\/div><hr class=\"x-line e235-e9 m6j-a\"\/><a class=\"x-anchor x-anchor-button e235-e10 m6j-b\" tabindex=\"0\" href=\"https:\/\/skelleftewebbradio.se\" target=\"_blank\" rel=\"noopener noreferrer\"><div class=\"x-anchor-content\"><div class=\"x-anchor-text\"><span class=\"x-anchor-text-primary\">Webbradio<\/span><\/div><\/div><\/a><\/div><div class=\"x-col e235-e11 m6j-6\"><div class=\"x-text x-content e235-e12 m6j-7 m6j-9\"><h6>Tider<\/h6>\n\n<\/div><hr class=\"x-line e235-e13 m6j-a\"\/><div class=\"x-text x-content e235-e14 m6j-7 m6j-8\">Tyv\u00e4rr \u00e4r inte n\u00e4rradion ig\u00e5ng f\u00f6r n\u00e4rvarande, vi jobbar p\u00e5 det! Vi lovar att ber\u00e4tta n\u00e4r vi f\u00e5tt ig\u00e5ng s\u00e4ndningarna igen.<\/div><\/div><\/div><\/div><\/div><span data-x-element-responsive-text=\"{&quot;selector&quot;:&quot;.h-responsive-radio&quot;,&quot;compression&quot;:&quot;1.0&quot;,&quot;minFontSize&quot;:&quot;24&quot;,&quot;maxFontSize&quot;:&quot;40px&quot;}\" class=\"e235-e15\"><\/span><\/div>","protected":false},"excerpt":{"rendered":"excerpt","protected":false},"author":127,"featured_media":0,"parent":0,"menu_order":0,"comment_status":"closed","ping_status":"closed","template":"template-blank-4.php","meta":{"episode_type":"","audio_file":"","podmotor_file_id":"","podmotor_episode_id":"","cover_image":"","cover_image_id":"","duration":"","filesize":"","filesize_raw":"","date_recorded":"","explicit":"","block":"","cybocfi_hide_featured_image":"","footnotes":""},"class_list":["post-235","page","type-page","status-publish","hentry","no-post-thumbnail"],"_links":{"self":[{"href":"https:\/\/pingstskelleftea.se\/en\/wp-json\/wp\/v2\/pages\/235","targetHints":{"allow":["GET"]}}],"collection":[{"href":"https:\/\/pingstskelleftea.se\/en\/wp-json\/wp\/v2\/pages"}],"about":[{"href":"https:\/\/pingstskelleftea.se\/en\/wp-json\/wp\/v2\/types\/page"}],"author":[{"embeddable":true,"href":"https:\/\/pingstskelleftea.se\/en\/wp-json\/wp\/v2\/users\/127"}],"replies":[{"embeddable":true,"href":"https:\/\/pingstskelleftea.se\/en\/wp-json\/wp\/v2\/comments?post=235"}],"version-history":[{"count":24,"href":"https:\/\/pingstskelleftea.se\/en\/wp-json\/wp\/v2\/pages\/235\/revisions"}],"predecessor-version":[{"id":2510,"href":"https:\/\/pingstskelleftea.se\/en\/wp-json\/wp\/v2\/pages\/235\/revisions\/2510"}],"wp:attachment":[{"href":"https:\/\/pingstskelleftea.se\/en\/wp-json\/wp\/v2\/media?parent=235"}],"curies":[{"name":"wp","href":"https:\/\/api.w.org\/{rel}","templated":true}]}}