{"id":1711,"date":"2022-10-25T13:12:11","date_gmt":"2022-10-25T12:12:11","guid":{"rendered":"https:\/\/pingstskelleftea.se\/?page_id=1711"},"modified":"2025-10-26T18:04:29","modified_gmt":"2025-10-26T17:04:29","slug":"historien-ovrig-information","status":"publish","type":"page","link":"https:\/\/pingstskelleftea.se\/en\/historien-ovrig-information\/","title":{"rendered":"Historien &#8211; \u00f6vrig information"},"content":{"rendered":"<div id=\"cs-content\" class=\"cs-content\"><div class=\"x-section e1711-e1 m1bj-0\"><div class=\"x-row x-container max width e1711-e2 m1bj-1 m1bj-2\"><div class=\"x-row-inner\"><div class=\"x-col e1711-e3 m1bj-3\"><h2  class=\"h-custom-headline h3\" ><span>\u00d6vrig information<\/span><\/h2><hr class=\"x-line e1711-e5 m1bj-4\"\/><div id=\"\" class=\"x-text\" style=\"\" ><p>Vi \u00e4r en oberoende f\u00f6rsamling inom den svenska pingstr\u00f6relsen. F\u00f6rsamlingen har medlemskap i riksf\u00f6reningen Pingst \u2013 fria f\u00f6rsamlingar i samverkan sedan 2006 och \u00e4r anslutna till Trossamfundet Pingst \u2013 fria f\u00f6rsamlingar i samverkan sedan 2007.<\/p>\n<p>I mars 2010 \u00e4ndrades namnet fr\u00e5n Filadelfiaf\u00f6rsamlingen i Skellefte\u00e5 till Pingstkyrkan.<\/p>\n<p>Vi \u00e4r ocks\u00e5 en del av \u00c4lska Norrland, ett n\u00e4tverk inom pingstf\u00f6rsamlingarna i \u00d6vre Norrland. Genom en anst\u00e4lld f\u00f6rest\u00e5ndare samordnar organisationen insatser till de mindre pingstf\u00f6rsamlingarna i \u00f6vre Norrland, med bes\u00f6k f\u00f6r inspiration, utveckling och f\u00f6r\u00e4ndringsprocesser.<\/p>\n<p>V\u00e5rt medlemsantal enligt \u00e5rsber\u00e4ttelsen f\u00f6r \u00e5r 2024 var 576st. som flest var vi \u00e5r 1989, d\u00e5 var vi 659 medlemmar.<\/p>\n<p>Pingst Sverige per 31 dec 2023 enligt Pingst \u00e5rsbok 2024, utg\u00f6rs av 426 pingstf\u00f6rsamlingar med 84 238 medlemmar, som samarbetar f\u00f6r att Guds k\u00e4rlek ska bli synligt i v\u00e5rt land.<\/p>\n<\/div><hr class=\"x-line e1711-e7 m1bj-5\"\/><hr class=\"x-line e1711-e8 m1bj-4\"\/><div id=\"\" class=\"x-text\" style=\"\" ><p>Uppdatering, oktober 2025\/ Stig Persson<\/p>\n<\/div><\/div><\/div><\/div><\/div><\/div>","protected":false},"excerpt":{"rendered":"excerpt","protected":false},"author":127,"featured_media":0,"parent":0,"menu_order":0,"comment_status":"closed","ping_status":"closed","template":"","meta":{"episode_type":"","audio_file":"","podmotor_file_id":"","podmotor_episode_id":"","cover_image":"","cover_image_id":"","duration":"","filesize":"","filesize_raw":"","date_recorded":"","explicit":"","block":"","cybocfi_hide_featured_image":"","footnotes":""},"class_list":["post-1711","page","type-page","status-publish","hentry","no-post-thumbnail"],"_links":{"self":[{"href":"https:\/\/pingstskelleftea.se\/en\/wp-json\/wp\/v2\/pages\/1711","targetHints":{"allow":["GET"]}}],"collection":[{"href":"https:\/\/pingstskelleftea.se\/en\/wp-json\/wp\/v2\/pages"}],"about":[{"href":"https:\/\/pingstskelleftea.se\/en\/wp-json\/wp\/v2\/types\/page"}],"author":[{"embeddable":true,"href":"https:\/\/pingstskelleftea.se\/en\/wp-json\/wp\/v2\/users\/127"}],"replies":[{"embeddable":true,"href":"https:\/\/pingstskelleftea.se\/en\/wp-json\/wp\/v2\/comments?post=1711"}],"version-history":[{"count":4,"href":"https:\/\/pingstskelleftea.se\/en\/wp-json\/wp\/v2\/pages\/1711\/revisions"}],"predecessor-version":[{"id":3118,"href":"https:\/\/pingstskelleftea.se\/en\/wp-json\/wp\/v2\/pages\/1711\/revisions\/3118"}],"wp:attachment":[{"href":"https:\/\/pingstskelleftea.se\/en\/wp-json\/wp\/v2\/media?parent=1711"}],"curies":[{"name":"wp","href":"https:\/\/api.w.org\/{rel}","templated":true}]}}