{"id":1429,"date":"2021-09-08T11:28:10","date_gmt":"2021-09-08T10:28:10","guid":{"rendered":"https:\/\/pingstskelleftea.se\/?page_id=1429"},"modified":"2025-09-10T10:45:21","modified_gmt":"2025-09-10T09:45:21","slug":"grow-2","status":"publish","type":"page","link":"https:\/\/pingstskelleftea.se\/en\/grow-2\/","title":{"rendered":"GROW"},"content":{"rendered":"<div id=\"cs-content\" class=\"cs-content\"><div class=\"x-section e1429-e1 m13p-0 m13p-1 m13p-2 m13p-3 m13p-4\"><div class=\"x-row x-container max width e1429-e2 m13p-a m13p-b m13p-g m13p-h\"><div class=\"x-row-inner\"><div class=\"x-col e1429-e3 m13p-m m13p-n\"><hr class=\"x-line e1429-e4 m13p-r m13p-s\"\/><span class=\"x-image e1429-e5 m13p-v\"><img decoding=\"async\" src=\"https:\/\/media.pingstskelleftea.se\/2025\/09\/GROW-Enkatheader.png\" srcset=\"https:\/\/media.pingstskelleftea.se\/2025\/09\/GROW-Enkatheader.png 1772w, https:\/\/media.pingstskelleftea.se\/2025\/09\/GROW-Enkatheader-300x100.png 300w, https:\/\/media.pingstskelleftea.se\/2025\/09\/GROW-Enkatheader-1024x342.png 1024w, https:\/\/media.pingstskelleftea.se\/2025\/09\/GROW-Enkatheader-768x256.png 768w, https:\/\/media.pingstskelleftea.se\/2025\/09\/GROW-Enkatheader-1536x512.png 1536w, https:\/\/media.pingstskelleftea.se\/2025\/09\/GROW-Enkatheader-18x6.png 18w, https:\/\/media.pingstskelleftea.se\/2025\/09\/GROW-Enkatheader-100x33.png 100w, https:\/\/media.pingstskelleftea.se\/2025\/09\/GROW-Enkatheader-865x288.png 865w, https:\/\/media.pingstskelleftea.se\/2025\/09\/GROW-Enkatheader-1154x385.png 1154w\" sizes=\"(max-width: 1772px) 100vw, 1772px\" alt=\"Image\" loading=\"lazy\"><\/span><hr class=\"x-line e1429-e7 m13p-s m13p-t\"\/><\/div><\/div><\/div><div class=\"x-row x-container max width e1429-e8 m13p-a m13p-b m13p-g m13p-i\"><div class=\"x-row-inner\"><div class=\"x-col e1429-e9 m13p-m m13p-o m13p-p m13p-9\"><hr class=\"x-line e1429-e10 m13p-w\"\/><\/div><\/div><\/div><\/div><div class=\"x-section e1429-e11 m13p-1 m13p-2 m13p-4 m13p-5 m13p-6\"><div class=\"x-bg\" aria-hidden=\"true\" style=\"border-radius: 0px 0px 0px 0px;\"><div class=\"x-bg-layer-lower-image\"><\/div><\/div><div class=\"x-row x-container max width e1429-e12 m13p-a m13p-c m13p-d m13p-e m13p-j\"><div class=\"x-row-inner\"><header class=\"x-col e1429-e13 m13p-m m13p-p m13p-q\"><hr class=\"x-line e1429-e14 m13p-s m13p-t\"\/><ul  class=\"x-feature-list\"  data-x-element=\"feature_list\" data-x-params=\"{&quot;animationOffset&quot;:&quot;50&quot;,&quot;animationDelayInitial&quot;:&quot;0&quot;,&quot;animationDelayBetween&quot;:&quot;300&quot;}\"><li  class=\"x-feature-box right-text top-text cf\" style=\" max-width: none;\" data-x-element=\"feature_box\" data-x-params=\"{&quot;child&quot;:true,&quot;graphicAnimation&quot;:&quot;none&quot;,&quot;connectorAnimation&quot;:&quot;none&quot;,&quot;alignH&quot;:&quot;right&quot;,&quot;alignV&quot;:&quot;top&quot;}\"><span class=\"x-feature-box-connector full\" style=\"font-size: 40px; left: calc(100% - 40px); right: 0; border-left: 1px solid hsla(0, 0%, 100%, 0);\"><\/span><div class=\"x-feature-box-content\"><h4 class=\"x-feature-box-title\" style=\"color: #4f6653;\">Vad \u00e4r Grow?<\/h4><p class=\"x-feature-box-text\">GROW \u00e4r ett alternativ till konfirmation. Det \u00e4r en grundkurs i kristen tro, d\u00e4r du som \u00e4r nyfiken p\u00e5 eller vill v\u00e4xa i din tro p\u00e5 Gud f\u00e5r m\u00f6jlighet att utforska mer under ett \u00e5r tillsammans med andra ungdomar.<\/p><\/div><div class=\"x-feature-box-graphic circle\"><div class=\"x-feature-box-graphic-outer circle\" style=\" margin-left: 20px;\"><div class=\"x-feature-box-graphic-inner circle\" style=\"font-size: 40px;\"><i class=\"x-icon-question circle\" data-x-icon-s=\"&#x3f;\"  style=\"margin: 0 auto; color: hsl(0, 0%, 100%); background-color: #4f6653;\"><\/i><\/div><\/div><\/div><\/li><li  class=\"x-feature-box right-text top-text cf\" style=\" max-width: none;\" data-x-element=\"feature_box\" data-x-params=\"{&quot;child&quot;:true,&quot;graphicAnimation&quot;:&quot;none&quot;,&quot;connectorAnimation&quot;:&quot;none&quot;,&quot;alignH&quot;:&quot;right&quot;,&quot;alignV&quot;:&quot;top&quot;}\"><span class=\"x-feature-box-connector full\" style=\"font-size: 40px; left: calc(100% - 40px); right: 0; border-left: 1px solid hsla(0, 0%, 100%, 0);\"><\/span><div class=\"x-feature-box-content\"><h4 class=\"x-feature-box-title\" style=\"color: #4f6653;\">N\u00e4r \u00e4r Grow?<\/h4><p class=\"x-feature-box-text\">\u00c5rets GROW p\u00e5g\u00e5r fr\u00e5n 23 september till v\u00e5rterminens slut 2026. Vi tr\u00e4ffas varje tisdag kl.18- 20.00. Ut\u00f6ver det tillkommer en \u00f6vernattning\/termin, och en st\u00f6rre resa under v\u00e5rterminen.<\/p><\/div><div class=\"x-feature-box-graphic circle\"><div class=\"x-feature-box-graphic-outer circle\" style=\" margin-left: 20px;\"><div class=\"x-feature-box-graphic-inner circle\" style=\"font-size: 40px;\"><i class=\"x-icon-question circle\" data-x-icon-s=\"&#x3f;\"  style=\"margin: 0 auto; color: #ffffff; background-color: #4f6653;\"><\/i><\/div><\/div><\/div><\/li><li  class=\"x-feature-box right-text top-text cf\" style=\" max-width: none;\" data-x-element=\"feature_box\" data-x-params=\"{&quot;child&quot;:true,&quot;graphicAnimation&quot;:&quot;none&quot;,&quot;connectorAnimation&quot;:&quot;none&quot;,&quot;alignH&quot;:&quot;right&quot;,&quot;alignV&quot;:&quot;top&quot;}\"><span class=\"x-feature-box-connector full\" style=\"font-size: 40px; left: calc(100% - 40px); right: 0; border-left: 1px solid hsla(0, 0%, 100%, 0);\"><\/span><div class=\"x-feature-box-content\"><h4 class=\"x-feature-box-title\" style=\"color: #4f6653;\">Var \u00e4r Grow?<\/h4><p class=\"x-feature-box-text\">Vi tr\u00e4ffas p\u00e5 Brukskyrkan, Flisgr\u00e4nd 4b i Ursviken.<\/p><\/div><div class=\"x-feature-box-graphic circle\"><div class=\"x-feature-box-graphic-outer circle\" style=\" margin-left: 20px;\"><div class=\"x-feature-box-graphic-inner circle\" style=\"font-size: 40px;\"><i class=\"x-icon-question circle\" data-x-icon-s=\"&#x3f;\"  style=\"margin: 0 auto; color: #ffffff; background-color: #4f6653;\"><\/i><\/div><\/div><\/div><\/li><li  class=\"x-feature-box right-text top-text cf\" style=\" max-width: none;\" data-x-element=\"feature_box\" data-x-params=\"{&quot;child&quot;:true,&quot;graphicAnimation&quot;:&quot;none&quot;,&quot;connectorAnimation&quot;:&quot;none&quot;,&quot;alignH&quot;:&quot;right&quot;,&quot;alignV&quot;:&quot;top&quot;}\"><span class=\"x-feature-box-connector full\" style=\"font-size: 40px; left: calc(100% - 40px); right: 0; border-left: 1px solid hsla(0, 0%, 100%, 0);\"><\/span><div class=\"x-feature-box-content\"><h4 class=\"x-feature-box-title\" style=\"color: #4f6653;\">Vem f\u00e5r g\u00e5 Grow?<\/h4><p class=\"x-feature-box-text\">Du som g\u00e5r i 8an eller 9an! Du beh\u00f6ver inte ha tidigare erfarenhet av kristendom eller vara d\u00f6pt, Till skillnad fr\u00e5n konfirmation i Svenska kyrkan \u00e4r inte GROW en bekr\u00e4ftelse p\u00e5 barndopet. Men kanske best\u00e4mmer du dig sj\u00e4lv f\u00f6r att l\u00e5ta d\u00f6pa dig under \u00e5ret?<\/p><\/div><div class=\"x-feature-box-graphic circle\"><div class=\"x-feature-box-graphic-outer circle\" style=\" margin-left: 20px;\"><div class=\"x-feature-box-graphic-inner circle\" style=\"font-size: 40px;\"><i class=\"x-icon-question circle\" data-x-icon-s=\"&#x3f;\"  style=\"margin: 0 auto; color: #ffffff; background-color: #4f6653;\"><\/i><\/div><\/div><\/div><\/li><li  class=\"x-feature-box right-text top-text cf\" style=\" max-width: none;\" data-x-element=\"feature_box\" data-x-params=\"{&quot;child&quot;:true,&quot;graphicAnimation&quot;:&quot;none&quot;,&quot;connectorAnimation&quot;:&quot;none&quot;,&quot;alignH&quot;:&quot;right&quot;,&quot;alignV&quot;:&quot;top&quot;}\"><span class=\"x-feature-box-connector full\" style=\"font-size: 40px; left: calc(100% - 40px); right: 0; border-left: 1px solid hsla(0, 0%, 100%, 0);\"><\/span><div class=\"x-feature-box-content\"><h4 class=\"x-feature-box-title\" style=\"color: #4f6653;\">Vad kostar Grow?<\/h4><p class=\"x-feature-box-text\">Det kostar ingenting att f\u00e5 g\u00e5 GROW, men det tillkommer en mindre summa till sj\u00e4lvkostnadspris f\u00f6r \u00f6vernattningar. Resan under v\u00e5rterminen bekostas av pengar som vi hj\u00e4lps \u00e5t samla in och ev. mellanskillnad f\u00e5r man betala sj\u00e4lv.<\/p><\/div><div class=\"x-feature-box-graphic circle\"><div class=\"x-feature-box-graphic-outer circle\" style=\" margin-left: 20px;\"><div class=\"x-feature-box-graphic-inner circle\" style=\"font-size: 40px;\"><i class=\"x-icon-question circle\" data-x-icon-s=\"&#x3f;\"  style=\"margin: 0 auto; color: #ffffff; background-color: #4f6653;\"><\/i><\/div><\/div><\/div><\/li><li  class=\"x-feature-box right-text top-text cf\" style=\" max-width: none;\" data-x-element=\"feature_box\" data-x-params=\"{&quot;child&quot;:true,&quot;graphicAnimation&quot;:&quot;none&quot;,&quot;connectorAnimation&quot;:&quot;none&quot;,&quot;alignH&quot;:&quot;right&quot;,&quot;alignV&quot;:&quot;top&quot;}\"><span class=\"x-feature-box-connector full\" style=\"font-size: 40px; left: calc(100% - 40px); right: 0; border-left: 1px solid hsla(0, 0%, 100%, 0);\"><\/span><div class=\"x-feature-box-content\"><h4 class=\"x-feature-box-title\" style=\"color: #4f6653;\">Vilka \u00e4r ansvariga?<\/h4><p class=\"x-feature-box-text\" style=\"color: hsl(0, 0%, 0%);\">GROW drivs av b\u00e5de Pingstkyrkan Skellefte\u00e5 och Brukskyrkan. Vi som \u00e4r ansvariga f\u00f6r GROW syns h\u00e4r nedanf\u00f6r. Kontakta oss g\u00e4rna om du har en fr\u00e5ga!<\/p><\/div><div class=\"x-feature-box-graphic circle\"><div class=\"x-feature-box-graphic-outer circle\" style=\" margin-left: 20px;\"><div class=\"x-feature-box-graphic-inner circle\" style=\"font-size: 40px;\"><i class=\"x-icon-question circle\" data-x-icon-s=\"&#x3f;\"  style=\"margin: 0 auto; color: #ffffff; background-color: #4f6653;\"><\/i><\/div><\/div><\/div><\/li><li  class=\"x-feature-box right-text top-text cf\" style=\" max-width: none;\" data-x-element=\"feature_box\" data-x-params=\"{&quot;child&quot;:true,&quot;graphicAnimation&quot;:&quot;none&quot;,&quot;connectorAnimation&quot;:&quot;none&quot;,&quot;alignH&quot;:&quot;right&quot;,&quot;alignV&quot;:&quot;top&quot;}\"><span class=\"x-feature-box-connector full\" style=\"font-size: 40px; left: calc(100% - 40px); right: 0; border-left: 1px solid hsla(0, 0%, 100%, 0);\"><\/span><div class=\"x-feature-box-content\"><h4 class=\"x-feature-box-title\" style=\"color: #4f6653;\">Vad beh\u00f6ver jag veta inf\u00f6r 23 september?<\/h4><p class=\"x-feature-box-text\" style=\"color: hsl(0, 0%, 0%);\">F\u00f6rsta tr\u00e4ffen g\u00e5r vi igenom \u00e5ret och l\u00e4r k\u00e4nna varandra. De 2 f\u00f6rsta tillf\u00e4llena \u00e4r \u00f6ppna att prova p\u00e5. Fr\u00e5n och med den tredje tr\u00e4ffen beh\u00f6ver du ha best\u00e4mt dig f\u00f6r att g\u00e5 resten av \u00e5ret eller inte. Den 23 september \u00e4r \u00e4ven dina f\u00f6r\u00e4ldrar bjudna. Hoppas vi ses i h\u00f6st!<\/p><\/div><div class=\"x-feature-box-graphic circle\"><div class=\"x-feature-box-graphic-outer circle\" style=\" margin-left: 20px;\"><div class=\"x-feature-box-graphic-inner circle\" style=\"font-size: 40px;\"><i class=\"x-icon-question circle\" data-x-icon-s=\"&#x3f;\"  style=\"margin: 0 auto; color: #ffffff; background-color: #4f6653;\"><\/i><\/div><\/div><\/div><\/li><\/ul><\/header><\/div><\/div><\/div><div class=\"x-section e1429-e23 m13p-0 m13p-1 m13p-2 m13p-7\"><div class=\"x-row x-container max width e1429-e24 m13p-a m13p-b m13p-e m13p-g m13p-k\"><div class=\"x-row-inner\"><div class=\"x-col e1429-e25 m13p-m m13p-n\"><div  class=\"x-promo\" ><div class=\"x-promo-image-wrap\"><img decoding=\"async\" src=\"https:\/\/media.pingstskelleftea.se\/2025\/09\/Hanna.png\" \/><\/div><div class=\"x-promo-content\"><h4>Hanna<br \/>\nBr\u00e4nnstr\u00f6m<\/h4>\n<p><b>Pastor, F\u00f6rest\u00e5ndare, Brukskyrkan Ursviken<\/b><br \/>\n<strong>E-mail:<\/strong><br \/>\nhanna@brukskyrkan.se<br \/>\n<strong>Telephone:<\/strong><br \/>\n070-222 57 24<\/p><\/div><\/div><\/div><div class=\"x-col e1429-e27 m13p-m m13p-n\"><div  class=\"x-promo\" ><div class=\"x-promo-image-wrap\"><img decoding=\"async\" src=\"https:\/\/media.pingstskelleftea.se\/2025\/09\/Daniel-W.png\" \/><\/div><div class=\"x-promo-content\"><h4>Daniel <br \/>\nWendefors<\/h4>\n<p><b>Ungdomspastor, Pingstkyrkan Skellefte\u00e5<\/b><br \/>\n<strong>E-mail:<br \/>\n<\/strong>daniel@pingstskelleftea.se<strong><br \/>\n<strong>Telephone:<br \/>\n<\/strong><\/strong>076-2471100<\/p><\/div><\/div><\/div><\/div><\/div><\/div><div class=\"x-section e1429-e29 m13p-2 m13p-6 m13p-8\"><div class=\"x-bg\" aria-hidden=\"true\" style=\"border-radius: 0px 0px 0px 0px;\"><div class=\"x-bg-layer-lower-color\"><\/div><\/div><div class=\"x-row x-container max width e1429-e30 m13p-a m13p-c m13p-e m13p-f m13p-l\"><div class=\"x-row-inner\"><div class=\"x-col e1429-e31 m13p-m m13p-n\"><div class=\"x-text x-content e1429-e32 m13p-x\">H\u00e4r kan du anm\u00e4la dig!<\/div><hr class=\"x-line e1429-e33 m13p-s m13p-u\"\/><a class=\"x-anchor x-anchor-button e1429-e34 m13p-y\" tabindex=\"0\" href=\"https:\/\/docs.google.com\/forms\/d\/e\/1FAIpQLSe247wPd-qBqTnvvtTHh9-m6fdeSP7NVljQGUl1JVpMzRI9hA\/viewform?usp=dialog\" target=\"_blank\" rel=\"noopener noreferrer\"><div class=\"x-anchor-content\"><div class=\"x-anchor-text\"><span class=\"x-anchor-text-primary\">Klicka h\u00e4r f\u00f6r anm\u00e4lan<\/span><\/div><\/div><\/a><\/div><\/div><\/div><\/div><\/div>","protected":false},"excerpt":{"rendered":"excerpt","protected":false},"author":127,"featured_media":0,"parent":0,"menu_order":0,"comment_status":"closed","ping_status":"closed","template":"","meta":{"episode_type":"","audio_file":"","podmotor_file_id":"","podmotor_episode_id":"","cover_image":"","cover_image_id":"","duration":"","filesize":"","filesize_raw":"","date_recorded":"","explicit":"","block":"","cybocfi_hide_featured_image":"","footnotes":""},"class_list":["post-1429","page","type-page","status-publish","hentry","no-post-thumbnail"],"_links":{"self":[{"href":"https:\/\/pingstskelleftea.se\/en\/wp-json\/wp\/v2\/pages\/1429","targetHints":{"allow":["GET"]}}],"collection":[{"href":"https:\/\/pingstskelleftea.se\/en\/wp-json\/wp\/v2\/pages"}],"about":[{"href":"https:\/\/pingstskelleftea.se\/en\/wp-json\/wp\/v2\/types\/page"}],"author":[{"embeddable":true,"href":"https:\/\/pingstskelleftea.se\/en\/wp-json\/wp\/v2\/users\/127"}],"replies":[{"embeddable":true,"href":"https:\/\/pingstskelleftea.se\/en\/wp-json\/wp\/v2\/comments?post=1429"}],"version-history":[{"count":27,"href":"https:\/\/pingstskelleftea.se\/en\/wp-json\/wp\/v2\/pages\/1429\/revisions"}],"predecessor-version":[{"id":3049,"href":"https:\/\/pingstskelleftea.se\/en\/wp-json\/wp\/v2\/pages\/1429\/revisions\/3049"}],"wp:attachment":[{"href":"https:\/\/pingstskelleftea.se\/en\/wp-json\/wp\/v2\/media?parent=1429"}],"curies":[{"name":"wp","href":"https:\/\/api.w.org\/{rel}","templated":true}]}}